{"id":82912,"date":"2025-08-14T13:50:36","date_gmt":"2025-08-14T17:50:36","guid":{"rendered":"https:\/\/www.skylinegroupofcompanies.ca\/?page_id=82912"},"modified":"2026-01-13T14:56:30","modified_gmt":"2026-01-13T19:56:30","slug":"disclaimer","status":"publish","type":"page","link":"https:\/\/www.skylinegroupofcompanies.ca\/fr\/disclaimer\/","title":{"rendered":"Avis de non-responsabilit\u00e9"},"content":{"rendered":"<p>Skyline Group of Companies comprend l\u2019ensemble des entit\u00e9s de Skyline sous gestion et contr\u00f4le communs, dont les suivantes : a) Skyline Apartment Real Estate Investment Trust, b) Skyline Industrial Real Estate Investment Trust, c) Skyline Retail Real Estate Investment Trust, d) Skyline Clean Energy Fund, e) Skyline Private Investment Capital Inc., f) Skydev Holdings Inc., i) Skyline Enterprises Management Inc.; j) Skyline Management Incorporated; k) Skyline Equities Inc.; (l) Skyline Equities Limited Partnership; m) Skyline Asset Management Inc.; n) Skyline Incorporated; o) Skydevco Inc.; p) Skyline Retail Real Estate Limited Partnership; q) Skyline Retail Asset Management Inc.; r) toutes ses filiales; s) toutes ses soci\u00e9t\u00e9s pr\u00eate-noms; t) Skyline Industrial Real Estate Investment Trust; u) Skyline Commercial Real Estate GP Inc.; v) Skyline Commercial Real Estate Limited Partnership; w) Skyline Commercial Asset Management Inc.; x) Skyline Apartment Real Estate Investment Trust; y) Skyline Real Estate Limited Partnership; z) Skyline Apartment Asset Management Inc.; aa) Skyline Waterloo Limited Partnership; bb) Cambridge Hotel and Conference Centre Limited Partnership; dd) Cambridge Hotel and Conference Centre Holdings Limited; ee) Caspri Ventures Inc.; ff) Windermere House Muskoka Limited Partnership; gg) 1000490035 Ontario Inc.; hh) Skyline Transfer Funds Inc.; ii) Skydev Holdings Inc.; jj) Skydev GP (II) Inc.; kk) Skydev Fuller Meaford Limited Partnership; ll) 2824506 Ontario Inc.; mm) Skydev Phase 1 Barrie GP Inc.; nn) Skydev Phase 1 Barrie Limited Partnership; oo) Skydev Phase 1 Simcoe GP Inc.; pp) Skydev Phase 1 Simcoe Limited Partnership; qq) Skydev GP (IV) Inc.; rr) Skydev Bayshore Owen Sound Limited Partnership; ss) Skydev Phase 1 Owen Sound GP Inc.; tt) Skydev Phase 1 Owen Sound GP Inc.; uu) Skydev Phase 1 Owen Sound Limited Partnership; vv) Skydev Phase 1 Belleville GP Inc.; ww) Skydev Phase 1 Belleville Limited Partnership; xx) Skydev GP (I) Inc.; yy) Skydev GP (III) Inc.; et zz) Skydev GP (V) Inc.<\/p>\n","protected":false},"excerpt":{"rendered":"<p>Skyline Group of Companies comprend l\u2019ensemble des entit\u00e9s de Skyline sous gestion et contr\u00f4le communs, dont les suivantes : a) Skyline Apartment Real Estate Investment Trust, b) Skyline Industrial Real Estate Investment Trust, c) Skyline Retail Real Estate Investment Trust, d) Skyline Clean Energy Fund, e) Skyline Private Investment Capital Inc., f) Skydev Holdings Inc., [&hellip;]<\/p>\n","protected":false},"author":15,"featured_media":0,"parent":0,"menu_order":8,"comment_status":"closed","ping_status":"closed","template":"","meta":{"_acf_changed":false,"footnotes":"","_links_to":"","_links_to_target":""},"class_list":["post-82912","page","type-page","status-publish","hentry"],"acf":[],"yoast_head":"<!-- This site is optimized with the Yoast SEO plugin v27.4 - https:\/\/yoast.com\/product\/yoast-seo-wordpress\/ -->\n<title>Avis de non-responsabilit\u00e9 | Skyline<\/title>\n<meta name=\"description\" content=\"Le groupe Skyline comprend des entit\u00e9s sous gestion et contr\u00f4le communs avec le Fonds. La liste compl\u00e8te de ces entit\u00e9s est disponible ici.\" \/>\n<meta name=\"robots\" content=\"index, follow, max-snippet:-1, max-image-preview:large, max-video-preview:-1\" \/>\n<link rel=\"canonical\" href=\"https:\/\/www.skylinegroupofcompanies.ca\/fr\/disclaimer\/\" \/>\n<meta property=\"og:locale\" content=\"fr_FR\" \/>\n<meta property=\"og:type\" content=\"article\" \/>\n<meta property=\"og:title\" content=\"Avis de non-responsabilit\u00e9\" \/>\n<meta property=\"og:description\" content=\"Le groupe Skyline comprend des entit\u00e9s sous gestion et contr\u00f4le communs avec le Fonds. La liste compl\u00e8te de ces entit\u00e9s est disponible ici.\" \/>\n<meta property=\"og:url\" content=\"https:\/\/www.skylinegroupofcompanies.ca\/fr\/disclaimer\/\" \/>\n<meta property=\"og:site_name\" content=\"Skyline\" \/>\n<meta property=\"article:modified_time\" content=\"2026-01-13T19:56:30+00:00\" \/>\n<meta name=\"twitter:card\" content=\"summary_large_image\" \/>\n<meta name=\"twitter:title\" content=\"Avis de non-responsabilit\u00e9\" \/>\n<meta name=\"twitter:description\" content=\"Le groupe Skyline comprend des entit\u00e9s sous gestion et contr\u00f4le communs avec le Fonds. La liste compl\u00e8te de ces entit\u00e9s est disponible ici.\" \/>\n<meta name=\"twitter:label1\" content=\"Dur\u00e9e de lecture estim\u00e9e\" \/>\n\t<meta name=\"twitter:data1\" content=\"2 minutes\" \/>\n<!-- \/ Yoast SEO plugin. -->","yoast_head_json":{"title":"Avis de non-responsabilit\u00e9 | Skyline","description":"Le groupe Skyline comprend des entit\u00e9s sous gestion et contr\u00f4le communs avec le Fonds. La liste compl\u00e8te de ces entit\u00e9s est disponible ici.","robots":{"index":"index","follow":"follow","max-snippet":"max-snippet:-1","max-image-preview":"max-image-preview:large","max-video-preview":"max-video-preview:-1"},"canonical":"https:\/\/www.skylinegroupofcompanies.ca\/fr\/disclaimer\/","og_locale":"fr_FR","og_type":"article","og_title":"Avis de non-responsabilit\u00e9","og_description":"Le groupe Skyline comprend des entit\u00e9s sous gestion et contr\u00f4le communs avec le Fonds. La liste compl\u00e8te de ces entit\u00e9s est disponible ici.","og_url":"https:\/\/www.skylinegroupofcompanies.ca\/fr\/disclaimer\/","og_site_name":"Skyline","article_modified_time":"2026-01-13T19:56:30+00:00","twitter_card":"summary_large_image","twitter_title":"Avis de non-responsabilit\u00e9","twitter_description":"Le groupe Skyline comprend des entit\u00e9s sous gestion et contr\u00f4le communs avec le Fonds. La liste compl\u00e8te de ces entit\u00e9s est disponible ici.","twitter_misc":{"Dur\u00e9e de lecture estim\u00e9e":"2 minutes"},"schema":{"@context":"https:\/\/schema.org","@graph":[{"@type":"WebPage","@id":"https:\/\/www.skylinegroupofcompanies.ca\/fr\/disclaimer\/","url":"https:\/\/www.skylinegroupofcompanies.ca\/fr\/disclaimer\/","name":"Avis de non-responsabilit\u00e9 | Skyline","isPartOf":{"@id":"https:\/\/www.skylinegroupofcompanies.ca\/#website"},"datePublished":"2025-08-14T17:50:36+00:00","dateModified":"2026-01-13T19:56:30+00:00","description":"Le groupe Skyline comprend des entit\u00e9s sous gestion et contr\u00f4le communs avec le Fonds. La liste compl\u00e8te de ces entit\u00e9s est disponible ici.","breadcrumb":{"@id":"https:\/\/www.skylinegroupofcompanies.ca\/fr\/disclaimer\/#breadcrumb"},"inLanguage":"fr-FR","potentialAction":[{"@type":"ReadAction","target":["https:\/\/www.skylinegroupofcompanies.ca\/fr\/disclaimer\/"]}]},{"@type":"BreadcrumbList","@id":"https:\/\/www.skylinegroupofcompanies.ca\/fr\/disclaimer\/#breadcrumb","itemListElement":[{"@type":"ListItem","position":1,"name":"Home","item":"https:\/\/www.skylinegroupofcompanies.ca\/fr\/"},{"@type":"ListItem","position":2,"name":"Avis de non-responsabilit\u00e9"}]},{"@type":"WebSite","@id":"https:\/\/www.skylinegroupofcompanies.ca\/#website","url":"https:\/\/www.skylinegroupofcompanies.ca\/","name":"Skyline","description":"We offer services in real estate and clean energy","publisher":{"@id":"https:\/\/www.skylinegroupofcompanies.ca\/#organization"},"alternateName":"Skyline GOC","potentialAction":[{"@type":"SearchAction","target":{"@type":"EntryPoint","urlTemplate":"https:\/\/www.skylinegroupofcompanies.ca\/?s={search_term_string}"},"query-input":{"@type":"PropertyValueSpecification","valueRequired":true,"valueName":"search_term_string"}}],"inLanguage":"fr-FR"},{"@type":"Organization","@id":"https:\/\/www.skylinegroupofcompanies.ca\/#organization","name":"Skyline Group of Companies","url":"https:\/\/www.skylinegroupofcompanies.ca\/","logo":{"@type":"ImageObject","inLanguage":"fr-FR","@id":"https:\/\/www.skylinegroupofcompanies.ca\/#\/schema\/logo\/image\/","url":"https:\/\/www.skylinegroupofcompanies.ca\/wp-content\/uploads\/2020\/09\/logo-blue.svg","contentUrl":"https:\/\/www.skylinegroupofcompanies.ca\/wp-content\/uploads\/2020\/09\/logo-blue.svg","width":1,"height":1,"caption":"Skyline Group of Companies"},"image":{"@id":"https:\/\/www.skylinegroupofcompanies.ca\/#\/schema\/logo\/image\/"}}]}},"_links":{"self":[{"href":"https:\/\/www.skylinegroupofcompanies.ca\/fr\/wp-json\/wp\/v2\/pages\/82912","targetHints":{"allow":["GET"]}}],"collection":[{"href":"https:\/\/www.skylinegroupofcompanies.ca\/fr\/wp-json\/wp\/v2\/pages"}],"about":[{"href":"https:\/\/www.skylinegroupofcompanies.ca\/fr\/wp-json\/wp\/v2\/types\/page"}],"author":[{"embeddable":true,"href":"https:\/\/www.skylinegroupofcompanies.ca\/fr\/wp-json\/wp\/v2\/users\/15"}],"replies":[{"embeddable":true,"href":"https:\/\/www.skylinegroupofcompanies.ca\/fr\/wp-json\/wp\/v2\/comments?post=82912"}],"version-history":[{"count":2,"href":"https:\/\/www.skylinegroupofcompanies.ca\/fr\/wp-json\/wp\/v2\/pages\/82912\/revisions"}],"predecessor-version":[{"id":82914,"href":"https:\/\/www.skylinegroupofcompanies.ca\/fr\/wp-json\/wp\/v2\/pages\/82912\/revisions\/82914"}],"wp:attachment":[{"href":"https:\/\/www.skylinegroupofcompanies.ca\/fr\/wp-json\/wp\/v2\/media?parent=82912"}],"curies":[{"name":"wp","href":"https:\/\/api.w.org\/{rel}","templated":true}]}}