{"id":78192,"date":"2024-11-11T16:41:42","date_gmt":"2024-11-11T21:41:42","guid":{"rendered":"https:\/\/www.skylinegroupofcompanies.ca\/?page_id=78192"},"modified":"2024-11-19T15:40:33","modified_gmt":"2024-11-19T20:40:33","slug":"development-offerings","status":"publish","type":"page","link":"https:\/\/www.skylinegroupofcompanies.ca\/fr\/development-offerings\/","title":{"rendered":"Development Offerings"},"content":{"rendered":"","protected":false},"excerpt":{"rendered":"","protected":false},"author":9,"featured_media":0,"parent":0,"menu_order":0,"comment_status":"closed","ping_status":"closed","template":"templates\/our-developments.php","meta":{"_acf_changed":false,"footnotes":"","_links_to":"","_links_to_target":""},"class_list":["post-78192","page","type-page","status-publish","hentry"],"acf":[],"yoast_head":"<!-- This site is optimized with the Yoast SEO plugin v27.3 - https:\/\/yoast.com\/product\/yoast-seo-wordpress\/ -->\n<title>Development Offerings | Skyline<\/title>\n<meta name=\"description\" content=\"Gr\u00e2ce \u00e0 un acc\u00e8s direct aux possibilit\u00e9s de placement de SkyDev, les investisseurs peuvent rester \u00e0 la pointe du progr\u00e8s dans le secteur immobilier. En effet, ces occasions exclusives leur permettent de participer \u00e0 l\u2019am\u00e9nagement de communaut\u00e9s planifi\u00e9es sur des march\u00e9s secondaires en plein essor au Canada.\" \/>\n<meta name=\"robots\" content=\"index, follow, max-snippet:-1, max-image-preview:large, max-video-preview:-1\" \/>\n<link rel=\"canonical\" href=\"https:\/\/www.skylinegroupofcompanies.ca\/fr\/development-offerings\/\" \/>\n<meta property=\"og:locale\" content=\"fr_FR\" \/>\n<meta property=\"og:type\" content=\"article\" \/>\n<meta property=\"og:title\" content=\"Development Offerings | Skyline\" \/>\n<meta property=\"og:description\" content=\"Gr\u00e2ce \u00e0 un acc\u00e8s direct aux possibilit\u00e9s de placement de SkyDev, les investisseurs peuvent rester \u00e0 la pointe du progr\u00e8s dans le secteur immobilier. En effet, ces occasions exclusives leur permettent de participer \u00e0 l\u2019am\u00e9nagement de communaut\u00e9s planifi\u00e9es sur des march\u00e9s secondaires en plein essor au Canada.\" \/>\n<meta property=\"og:url\" content=\"https:\/\/www.skylinegroupofcompanies.ca\/fr\/development-offerings\/\" \/>\n<meta property=\"og:site_name\" content=\"Skyline\" \/>\n<meta property=\"article:modified_time\" content=\"2024-11-19T20:40:33+00:00\" \/>\n<meta name=\"twitter:card\" content=\"summary_large_image\" \/>\n<!-- \/ Yoast SEO plugin. -->","yoast_head_json":{"title":"Development Offerings | Skyline","description":"Gr\u00e2ce \u00e0 un acc\u00e8s direct aux possibilit\u00e9s de placement de SkyDev, les investisseurs peuvent rester \u00e0 la pointe du progr\u00e8s dans le secteur immobilier. En effet, ces occasions exclusives leur permettent de participer \u00e0 l\u2019am\u00e9nagement de communaut\u00e9s planifi\u00e9es sur des march\u00e9s secondaires en plein essor au Canada.","robots":{"index":"index","follow":"follow","max-snippet":"max-snippet:-1","max-image-preview":"max-image-preview:large","max-video-preview":"max-video-preview:-1"},"canonical":"https:\/\/www.skylinegroupofcompanies.ca\/fr\/development-offerings\/","og_locale":"fr_FR","og_type":"article","og_title":"Development Offerings | Skyline","og_description":"Gr\u00e2ce \u00e0 un acc\u00e8s direct aux possibilit\u00e9s de placement de SkyDev, les investisseurs peuvent rester \u00e0 la pointe du progr\u00e8s dans le secteur immobilier. En effet, ces occasions exclusives leur permettent de participer \u00e0 l\u2019am\u00e9nagement de communaut\u00e9s planifi\u00e9es sur des march\u00e9s secondaires en plein essor au Canada.","og_url":"https:\/\/www.skylinegroupofcompanies.ca\/fr\/development-offerings\/","og_site_name":"Skyline","article_modified_time":"2024-11-19T20:40:33+00:00","twitter_card":"summary_large_image","schema":{"@context":"https:\/\/schema.org","@graph":[{"@type":"WebPage","@id":"https:\/\/www.skylinegroupofcompanies.ca\/fr\/development-offerings\/","url":"https:\/\/www.skylinegroupofcompanies.ca\/fr\/development-offerings\/","name":"Development Offerings | Skyline","isPartOf":{"@id":"https:\/\/www.skylinegroupofcompanies.ca\/#website"},"datePublished":"2024-11-11T21:41:42+00:00","dateModified":"2024-11-19T20:40:33+00:00","description":"Gr\u00e2ce \u00e0 un acc\u00e8s direct aux possibilit\u00e9s de placement de SkyDev, les investisseurs peuvent rester \u00e0 la pointe du progr\u00e8s dans le secteur immobilier. En effet, ces occasions exclusives leur permettent de participer \u00e0 l\u2019am\u00e9nagement de communaut\u00e9s planifi\u00e9es sur des march\u00e9s secondaires en plein essor au Canada.","breadcrumb":{"@id":"https:\/\/www.skylinegroupofcompanies.ca\/fr\/development-offerings\/#breadcrumb"},"inLanguage":"fr-FR","potentialAction":[{"@type":"ReadAction","target":["https:\/\/www.skylinegroupofcompanies.ca\/fr\/development-offerings\/"]}]},{"@type":"BreadcrumbList","@id":"https:\/\/www.skylinegroupofcompanies.ca\/fr\/development-offerings\/#breadcrumb","itemListElement":[{"@type":"ListItem","position":1,"name":"Home","item":"https:\/\/www.skylinegroupofcompanies.ca\/fr\/"},{"@type":"ListItem","position":2,"name":"Development Offerings"}]},{"@type":"WebSite","@id":"https:\/\/www.skylinegroupofcompanies.ca\/#website","url":"https:\/\/www.skylinegroupofcompanies.ca\/","name":"Skyline","description":"We offer services in real estate and clean energy","publisher":{"@id":"https:\/\/www.skylinegroupofcompanies.ca\/#organization"},"alternateName":"Skyline GOC","potentialAction":[{"@type":"SearchAction","target":{"@type":"EntryPoint","urlTemplate":"https:\/\/www.skylinegroupofcompanies.ca\/?s={search_term_string}"},"query-input":{"@type":"PropertyValueSpecification","valueRequired":true,"valueName":"search_term_string"}}],"inLanguage":"fr-FR"},{"@type":"Organization","@id":"https:\/\/www.skylinegroupofcompanies.ca\/#organization","name":"Skyline Group of Companies","url":"https:\/\/www.skylinegroupofcompanies.ca\/","logo":{"@type":"ImageObject","inLanguage":"fr-FR","@id":"https:\/\/www.skylinegroupofcompanies.ca\/#\/schema\/logo\/image\/","url":"https:\/\/www.skylinegroupofcompanies.ca\/wp-content\/uploads\/2020\/09\/logo-blue.svg","contentUrl":"https:\/\/www.skylinegroupofcompanies.ca\/wp-content\/uploads\/2020\/09\/logo-blue.svg","width":1,"height":1,"caption":"Skyline Group of Companies"},"image":{"@id":"https:\/\/www.skylinegroupofcompanies.ca\/#\/schema\/logo\/image\/"}}]}},"_links":{"self":[{"href":"https:\/\/www.skylinegroupofcompanies.ca\/fr\/wp-json\/wp\/v2\/pages\/78192","targetHints":{"allow":["GET"]}}],"collection":[{"href":"https:\/\/www.skylinegroupofcompanies.ca\/fr\/wp-json\/wp\/v2\/pages"}],"about":[{"href":"https:\/\/www.skylinegroupofcompanies.ca\/fr\/wp-json\/wp\/v2\/types\/page"}],"author":[{"embeddable":true,"href":"https:\/\/www.skylinegroupofcompanies.ca\/fr\/wp-json\/wp\/v2\/users\/9"}],"replies":[{"embeddable":true,"href":"https:\/\/www.skylinegroupofcompanies.ca\/fr\/wp-json\/wp\/v2\/comments?post=78192"}],"version-history":[{"count":4,"href":"https:\/\/www.skylinegroupofcompanies.ca\/fr\/wp-json\/wp\/v2\/pages\/78192\/revisions"}],"predecessor-version":[{"id":78355,"href":"https:\/\/www.skylinegroupofcompanies.ca\/fr\/wp-json\/wp\/v2\/pages\/78192\/revisions\/78355"}],"wp:attachment":[{"href":"https:\/\/www.skylinegroupofcompanies.ca\/fr\/wp-json\/wp\/v2\/media?parent=78192"}],"curies":[{"name":"wp","href":"https:\/\/api.w.org\/{rel}","templated":true}]}}