{"id":68759,"date":"2020-09-07T16:16:40","date_gmt":"2020-09-07T20:16:40","guid":{"rendered":"https:\/\/www.skylinegroupofcompanies.ca\/sustainability\/"},"modified":"2025-11-21T12:56:17","modified_gmt":"2025-11-21T17:56:17","slug":"sustainability","status":"publish","type":"page","link":"https:\/\/www.skylinegroupofcompanies.ca\/fr\/sustainability\/","title":{"rendered":"Durabilit\u00e9"},"content":{"rendered":"","protected":false},"excerpt":{"rendered":"","protected":false},"author":33,"featured_media":0,"parent":0,"menu_order":12,"comment_status":"closed","ping_status":"closed","template":"templates\/sustainability.php","meta":{"_acf_changed":false,"footnotes":"","_links_to":"","_links_to_target":""},"class_list":["post-68759","page","type-page","status-publish","hentry"],"acf":[],"yoast_head":"<!-- This site is optimized with the Yoast SEO plugin v27.3 - https:\/\/yoast.com\/product\/yoast-seo-wordpress\/ -->\n<title>Sustainability | Skyline | Community &amp; Environmental Initiatives<\/title>\n<meta name=\"description\" content=\"Nous ne m\u00e9nageons aucun effort pour rehausser la qualit\u00e9 de vie autour de nous, et ce, dans l\u2019int\u00e9r\u00eat de nos locataires r\u00e9sidentiels et commerciaux, de nos investisseurs, de nos employ\u00e9s et de nos communaut\u00e9s.\" \/>\n<meta name=\"robots\" content=\"index, follow, max-snippet:-1, max-image-preview:large, max-video-preview:-1\" \/>\n<link rel=\"canonical\" href=\"https:\/\/www.skylinegroupofcompanies.ca\/fr\/sustainability\/\" \/>\n<meta property=\"og:locale\" content=\"fr_FR\" \/>\n<meta property=\"og:type\" content=\"article\" \/>\n<meta property=\"og:title\" content=\"Sustainability | Skyline | Community &amp; Environmental Initiatives\" \/>\n<meta property=\"og:description\" content=\"Nous ne m\u00e9nageons aucun effort pour rehausser la qualit\u00e9 de vie autour de nous, et ce, dans l\u2019int\u00e9r\u00eat de nos locataires r\u00e9sidentiels et commerciaux, de nos investisseurs, de nos employ\u00e9s et de nos communaut\u00e9s.\" \/>\n<meta property=\"og:url\" content=\"https:\/\/www.skylinegroupofcompanies.ca\/fr\/sustainability\/\" \/>\n<meta property=\"og:site_name\" content=\"Skyline\" \/>\n<meta property=\"article:modified_time\" content=\"2025-11-21T17:56:17+00:00\" \/>\n<meta property=\"og:image\" content=\"https:\/\/www.skylinegroupofcompanies.ca\/wp-content\/uploads\/2020\/09\/efficiency-plan-mobile.jpg\" \/>\n\t<meta property=\"og:image:width\" content=\"615\" \/>\n\t<meta property=\"og:image:height\" content=\"525\" \/>\n\t<meta property=\"og:image:type\" content=\"image\/jpeg\" \/>\n<meta name=\"twitter:card\" content=\"summary_large_image\" \/>\n<meta name=\"twitter:title\" content=\"Durabilit\u00e9\" \/>\n<meta name=\"twitter:description\" content=\"It\u2019s our mission to provide a better standard of living for our residential and commercial tenants, investors, our staff, and our communities.\" \/>\n<meta name=\"twitter:image\" content=\"https:\/\/www.skylinegroupofcompanies.ca\/wp-content\/uploads\/2020\/09\/efficiency-plan-mobile.jpg\" \/>\n<!-- \/ Yoast SEO plugin. -->","yoast_head_json":{"title":"Sustainability | Skyline | Community & Environmental Initiatives","description":"Nous ne m\u00e9nageons aucun effort pour rehausser la qualit\u00e9 de vie autour de nous, et ce, dans l\u2019int\u00e9r\u00eat de nos locataires r\u00e9sidentiels et commerciaux, de nos investisseurs, de nos employ\u00e9s et de nos communaut\u00e9s.","robots":{"index":"index","follow":"follow","max-snippet":"max-snippet:-1","max-image-preview":"max-image-preview:large","max-video-preview":"max-video-preview:-1"},"canonical":"https:\/\/www.skylinegroupofcompanies.ca\/fr\/sustainability\/","og_locale":"fr_FR","og_type":"article","og_title":"Sustainability | Skyline | Community & Environmental Initiatives","og_description":"Nous ne m\u00e9nageons aucun effort pour rehausser la qualit\u00e9 de vie autour de nous, et ce, dans l\u2019int\u00e9r\u00eat de nos locataires r\u00e9sidentiels et commerciaux, de nos investisseurs, de nos employ\u00e9s et de nos communaut\u00e9s.","og_url":"https:\/\/www.skylinegroupofcompanies.ca\/fr\/sustainability\/","og_site_name":"Skyline","article_modified_time":"2025-11-21T17:56:17+00:00","og_image":[{"width":615,"height":525,"url":"https:\/\/www.skylinegroupofcompanies.ca\/wp-content\/uploads\/2020\/09\/efficiency-plan-mobile.jpg","type":"image\/jpeg"}],"twitter_card":"summary_large_image","twitter_title":"Durabilit\u00e9","twitter_description":"It\u2019s our mission to provide a better standard of living for our residential and commercial tenants, investors, our staff, and our communities.","twitter_image":"https:\/\/www.skylinegroupofcompanies.ca\/wp-content\/uploads\/2020\/09\/efficiency-plan-mobile.jpg","schema":{"@context":"https:\/\/schema.org","@graph":[{"@type":"WebPage","@id":"https:\/\/www.skylinegroupofcompanies.ca\/fr\/sustainability\/","url":"https:\/\/www.skylinegroupofcompanies.ca\/fr\/sustainability\/","name":"Sustainability | Skyline | Community & Environmental Initiatives","isPartOf":{"@id":"https:\/\/www.skylinegroupofcompanies.ca\/#website"},"datePublished":"2020-09-07T20:16:40+00:00","dateModified":"2025-11-21T17:56:17+00:00","description":"Nous ne m\u00e9nageons aucun effort pour rehausser la qualit\u00e9 de vie autour de nous, et ce, dans l\u2019int\u00e9r\u00eat de nos locataires r\u00e9sidentiels et commerciaux, de nos investisseurs, de nos employ\u00e9s et de nos communaut\u00e9s.","breadcrumb":{"@id":"https:\/\/www.skylinegroupofcompanies.ca\/fr\/sustainability\/#breadcrumb"},"inLanguage":"fr-FR","potentialAction":[{"@type":"ReadAction","target":["https:\/\/www.skylinegroupofcompanies.ca\/fr\/sustainability\/"]}]},{"@type":"BreadcrumbList","@id":"https:\/\/www.skylinegroupofcompanies.ca\/fr\/sustainability\/#breadcrumb","itemListElement":[{"@type":"ListItem","position":1,"name":"Home","item":"https:\/\/www.skylinegroupofcompanies.ca\/fr\/"},{"@type":"ListItem","position":2,"name":"Durabilit\u00e9"}]},{"@type":"WebSite","@id":"https:\/\/www.skylinegroupofcompanies.ca\/#website","url":"https:\/\/www.skylinegroupofcompanies.ca\/","name":"Skyline","description":"We offer services in real estate and clean energy","publisher":{"@id":"https:\/\/www.skylinegroupofcompanies.ca\/#organization"},"alternateName":"Skyline GOC","potentialAction":[{"@type":"SearchAction","target":{"@type":"EntryPoint","urlTemplate":"https:\/\/www.skylinegroupofcompanies.ca\/?s={search_term_string}"},"query-input":{"@type":"PropertyValueSpecification","valueRequired":true,"valueName":"search_term_string"}}],"inLanguage":"fr-FR"},{"@type":"Organization","@id":"https:\/\/www.skylinegroupofcompanies.ca\/#organization","name":"Skyline Group of Companies","url":"https:\/\/www.skylinegroupofcompanies.ca\/","logo":{"@type":"ImageObject","inLanguage":"fr-FR","@id":"https:\/\/www.skylinegroupofcompanies.ca\/#\/schema\/logo\/image\/","url":"https:\/\/www.skylinegroupofcompanies.ca\/wp-content\/uploads\/2020\/09\/logo-blue.svg","contentUrl":"https:\/\/www.skylinegroupofcompanies.ca\/wp-content\/uploads\/2020\/09\/logo-blue.svg","width":1,"height":1,"caption":"Skyline Group of Companies"},"image":{"@id":"https:\/\/www.skylinegroupofcompanies.ca\/#\/schema\/logo\/image\/"}}]}},"_links":{"self":[{"href":"https:\/\/www.skylinegroupofcompanies.ca\/fr\/wp-json\/wp\/v2\/pages\/68759","targetHints":{"allow":["GET"]}}],"collection":[{"href":"https:\/\/www.skylinegroupofcompanies.ca\/fr\/wp-json\/wp\/v2\/pages"}],"about":[{"href":"https:\/\/www.skylinegroupofcompanies.ca\/fr\/wp-json\/wp\/v2\/types\/page"}],"author":[{"embeddable":true,"href":"https:\/\/www.skylinegroupofcompanies.ca\/fr\/wp-json\/wp\/v2\/users\/33"}],"replies":[{"embeddable":true,"href":"https:\/\/www.skylinegroupofcompanies.ca\/fr\/wp-json\/wp\/v2\/comments?post=68759"}],"version-history":[{"count":9,"href":"https:\/\/www.skylinegroupofcompanies.ca\/fr\/wp-json\/wp\/v2\/pages\/68759\/revisions"}],"predecessor-version":[{"id":82519,"href":"https:\/\/www.skylinegroupofcompanies.ca\/fr\/wp-json\/wp\/v2\/pages\/68759\/revisions\/82519"}],"wp:attachment":[{"href":"https:\/\/www.skylinegroupofcompanies.ca\/fr\/wp-json\/wp\/v2\/media?parent=68759"}],"curies":[{"name":"wp","href":"https:\/\/api.w.org\/{rel}","templated":true}]}}