{"id":67904,"date":"2020-09-11T16:56:10","date_gmt":"2020-09-11T20:56:10","guid":{"rendered":"https:\/\/www.skylinegroupofcompanies.ca\/our-funds\/skyline-retail-reit\/"},"modified":"2025-02-06T13:41:12","modified_gmt":"2025-02-06T18:41:12","slug":"skyline-retail-reit","status":"publish","type":"page","link":"https:\/\/www.skylinegroupofcompanies.ca\/fr\/our-funds\/skyline-retail-reit\/","title":{"rendered":"Skyline <br\/> Retail REIT"},"content":{"rendered":"<h2>Skyline Retail REIT est un portefeuille compos\u00e9 d\u2019immeubles de d\u00e9tail d\u00e9tenu et g\u00e9r\u00e9 par des int\u00e9r\u00eats priv\u00e9s.<\/h2>\n<p><span lang=\"FR-CA\">Lanc\u00e9 en 2013, Skyline Retail REIT est un fonds de placement immobilier (FPI) qui s\u2019emploie \u00e0 acqu\u00e9rir des propri\u00e9t\u00e9s bien situ\u00e9es dont les locataires sont des fournisseurs de services de marque nationale sur les march\u00e9s secondaires et tertiaires au Canada.<\/span><\/p>\n<p><span lang=\"FR-CA\">\u00c0 titre de produits de placement non traditionnels, les parts de Skyline Retail REIT sont distribu\u00e9es par l\u2019interm\u00e9diaire de Skyline Wealth Management Inc. (\u00ab\u00a0Skyline Wealth Management\u00a0\u00bb), le courtier sur le march\u00e9 dispens\u00e9 exclusif du FPI.<\/span><\/p>\n<p><span lang=\"FR-CA\">Les propri\u00e9t\u00e9s de Skyline Retail REIT sont g\u00e9r\u00e9es par Skyline Commercial Management Inc. (\u00ab\u00a0Skyline Commercial Management\u00a0\u00bb), une soci\u00e9t\u00e9 de gestion d\u2019immeubles commerciaux membre de Skyline.<\/span><\/p>\n<p><span lang=\"FR-CA\">Skyline Retail REIT s\u2019engage \u00e0 offrir des environnements propices aux affaires et aux services. Le FPI se donne pour objectif d\u2019offrir un service exceptionnel \u00e0 ses locataires de d\u00e9tail tout en cr\u00e9ant de la valeur afin de g\u00e9n\u00e9rer des rendements stables pour ses investisseurs.<\/span><\/p>\n","protected":false},"excerpt":{"rendered":"<p>Skyline Retail REIT est un portefeuille compos\u00e9 d\u2019immeubles de d\u00e9tail d\u00e9tenu et g\u00e9r\u00e9 par des int\u00e9r\u00eats priv\u00e9s. Lanc\u00e9 en 2013, Skyline Retail REIT est un fonds de placement immobilier (FPI) qui s\u2019emploie \u00e0 acqu\u00e9rir des propri\u00e9t\u00e9s bien situ\u00e9es dont les locataires sont des fournisseurs de services de marque nationale sur les march\u00e9s secondaires et tertiaires [&hellip;]<\/p>\n","protected":false},"author":33,"featured_media":78913,"parent":67900,"menu_order":4,"comment_status":"closed","ping_status":"closed","template":"templates\/our-funds.php","meta":{"_acf_changed":false,"footnotes":"","_links_to":"","_links_to_target":""},"class_list":["post-67904","page","type-page","status-publish","has-post-thumbnail","hentry"],"acf":[],"yoast_head":"<!-- This site is optimized with the Yoast SEO plugin v27.4 - https:\/\/yoast.com\/product\/yoast-seo-wordpress\/ -->\n<title>Skyline  Retail REIT | A Skyline Investment Fund<\/title>\n<meta name=\"description\" content=\"Skyline Retail REIT acquiert des propri\u00e9t\u00e9s bien situ\u00e9es dont les locataires sont des fournisseurs de services de marque nationale sur les march\u00e9s secondaires et tertiaires au Canada.\" \/>\n<meta name=\"robots\" content=\"index, follow, max-snippet:-1, max-image-preview:large, max-video-preview:-1\" \/>\n<link rel=\"canonical\" href=\"https:\/\/www.skylinegroupofcompanies.ca\/fr\/our-funds\/skyline-retail-reit\/\" \/>\n<meta property=\"og:locale\" content=\"fr_FR\" \/>\n<meta property=\"og:type\" content=\"article\" \/>\n<meta property=\"og:title\" content=\"Skyline  Retail REIT | A Skyline Investment Fund\" \/>\n<meta property=\"og:description\" content=\"Skyline Retail REIT acquires properties with service-oriented, national brand tenants in secondary and tertiary communities across Canada.\" \/>\n<meta property=\"og:url\" content=\"https:\/\/www.skylinegroupofcompanies.ca\/fr\/our-funds\/skyline-retail-reit\/\" \/>\n<meta property=\"og:site_name\" content=\"Skyline\" \/>\n<meta property=\"article:modified_time\" content=\"2025-02-06T18:41:12+00:00\" \/>\n<meta property=\"og:image\" content=\"https:\/\/www.skylinegroupofcompanies.ca\/wp-content\/uploads\/2020\/09\/retail-reit-desktop.jpg\" \/>\n\t<meta property=\"og:image:width\" content=\"615\" \/>\n\t<meta property=\"og:image:height\" content=\"735\" \/>\n\t<meta property=\"og:image:type\" content=\"image\/jpeg\" \/>\n<meta name=\"twitter:card\" content=\"summary_large_image\" \/>\n<meta name=\"twitter:title\" content=\"Skyline &lt;br\/&gt; Retail REIT\" \/>\n<meta name=\"twitter:description\" content=\"Skyline Retail REIT acquires properties with service-oriented, national brand tenants in secondary and tertiary communities across Canada.\" \/>\n<meta name=\"twitter:image\" content=\"https:\/\/www.skylinegroupofcompanies.ca\/wp-content\/uploads\/2020\/09\/retail-reit-desktop.jpg\" \/>\n<meta name=\"twitter:label1\" content=\"Dur\u00e9e de lecture estim\u00e9e\" \/>\n\t<meta name=\"twitter:data1\" content=\"1 minute\" \/>\n<!-- \/ Yoast SEO plugin. -->","yoast_head_json":{"title":"Skyline  Retail REIT | A Skyline Investment Fund","description":"Skyline Retail REIT acquiert des propri\u00e9t\u00e9s bien situ\u00e9es dont les locataires sont des fournisseurs de services de marque nationale sur les march\u00e9s secondaires et tertiaires au Canada.","robots":{"index":"index","follow":"follow","max-snippet":"max-snippet:-1","max-image-preview":"max-image-preview:large","max-video-preview":"max-video-preview:-1"},"canonical":"https:\/\/www.skylinegroupofcompanies.ca\/fr\/our-funds\/skyline-retail-reit\/","og_locale":"fr_FR","og_type":"article","og_title":"Skyline  Retail REIT | A Skyline Investment Fund","og_description":"Skyline Retail REIT acquires properties with service-oriented, national brand tenants in secondary and tertiary communities across Canada.","og_url":"https:\/\/www.skylinegroupofcompanies.ca\/fr\/our-funds\/skyline-retail-reit\/","og_site_name":"Skyline","article_modified_time":"2025-02-06T18:41:12+00:00","og_image":[{"width":615,"height":735,"url":"https:\/\/www.skylinegroupofcompanies.ca\/wp-content\/uploads\/2020\/09\/retail-reit-desktop.jpg","type":"image\/jpeg"}],"twitter_card":"summary_large_image","twitter_title":"Skyline <br\/> Retail REIT","twitter_description":"Skyline Retail REIT acquires properties with service-oriented, national brand tenants in secondary and tertiary communities across Canada.","twitter_image":"https:\/\/www.skylinegroupofcompanies.ca\/wp-content\/uploads\/2020\/09\/retail-reit-desktop.jpg","twitter_misc":{"Dur\u00e9e de lecture estim\u00e9e":"1 minute"},"schema":{"@context":"https:\/\/schema.org","@graph":[{"@type":"WebPage","@id":"https:\/\/www.skylinegroupofcompanies.ca\/fr\/our-funds\/skyline-retail-reit\/","url":"https:\/\/www.skylinegroupofcompanies.ca\/fr\/our-funds\/skyline-retail-reit\/","name":"Skyline Retail REIT | A Skyline Investment Fund","isPartOf":{"@id":"https:\/\/www.skylinegroupofcompanies.ca\/#website"},"primaryImageOfPage":{"@id":"https:\/\/www.skylinegroupofcompanies.ca\/fr\/our-funds\/skyline-retail-reit\/#primaryimage"},"image":{"@id":"https:\/\/www.skylinegroupofcompanies.ca\/fr\/our-funds\/skyline-retail-reit\/#primaryimage"},"thumbnailUrl":"https:\/\/www.skylinegroupofcompanies.ca\/wp-content\/uploads\/2024\/12\/RTL.webp","datePublished":"2020-09-11T20:56:10+00:00","dateModified":"2025-02-06T18:41:12+00:00","description":"Skyline Retail REIT acquiert des propri\u00e9t\u00e9s bien situ\u00e9es dont les locataires sont des fournisseurs de services de marque nationale sur les march\u00e9s secondaires et tertiaires au Canada.","breadcrumb":{"@id":"https:\/\/www.skylinegroupofcompanies.ca\/fr\/our-funds\/skyline-retail-reit\/#breadcrumb"},"inLanguage":"fr-FR","potentialAction":[{"@type":"ReadAction","target":["https:\/\/www.skylinegroupofcompanies.ca\/fr\/our-funds\/skyline-retail-reit\/"]}]},{"@type":"ImageObject","inLanguage":"fr-FR","@id":"https:\/\/www.skylinegroupofcompanies.ca\/fr\/our-funds\/skyline-retail-reit\/#primaryimage","url":"https:\/\/www.skylinegroupofcompanies.ca\/wp-content\/uploads\/2024\/12\/RTL.webp","contentUrl":"https:\/\/www.skylinegroupofcompanies.ca\/wp-content\/uploads\/2024\/12\/RTL.webp","width":75,"height":75},{"@type":"BreadcrumbList","@id":"https:\/\/www.skylinegroupofcompanies.ca\/fr\/our-funds\/skyline-retail-reit\/#breadcrumb","itemListElement":[{"@type":"ListItem","position":1,"name":"Home","item":"https:\/\/www.skylinegroupofcompanies.ca\/fr\/"},{"@type":"ListItem","position":2,"name":"Our Funds","item":"\/"},{"@type":"ListItem","position":3,"name":"Skyline Retail REIT"}]},{"@type":"WebSite","@id":"https:\/\/www.skylinegroupofcompanies.ca\/#website","url":"https:\/\/www.skylinegroupofcompanies.ca\/","name":"Skyline","description":"We offer services in real estate and clean energy","publisher":{"@id":"https:\/\/www.skylinegroupofcompanies.ca\/#organization"},"alternateName":"Skyline GOC","potentialAction":[{"@type":"SearchAction","target":{"@type":"EntryPoint","urlTemplate":"https:\/\/www.skylinegroupofcompanies.ca\/?s={search_term_string}"},"query-input":{"@type":"PropertyValueSpecification","valueRequired":true,"valueName":"search_term_string"}}],"inLanguage":"fr-FR"},{"@type":"Organization","@id":"https:\/\/www.skylinegroupofcompanies.ca\/#organization","name":"Skyline Group of Companies","url":"https:\/\/www.skylinegroupofcompanies.ca\/","logo":{"@type":"ImageObject","inLanguage":"fr-FR","@id":"https:\/\/www.skylinegroupofcompanies.ca\/#\/schema\/logo\/image\/","url":"https:\/\/www.skylinegroupofcompanies.ca\/wp-content\/uploads\/2020\/09\/logo-blue.svg","contentUrl":"https:\/\/www.skylinegroupofcompanies.ca\/wp-content\/uploads\/2020\/09\/logo-blue.svg","width":1,"height":1,"caption":"Skyline Group of Companies"},"image":{"@id":"https:\/\/www.skylinegroupofcompanies.ca\/#\/schema\/logo\/image\/"}}]}},"_links":{"self":[{"href":"https:\/\/www.skylinegroupofcompanies.ca\/fr\/wp-json\/wp\/v2\/pages\/67904","targetHints":{"allow":["GET"]}}],"collection":[{"href":"https:\/\/www.skylinegroupofcompanies.ca\/fr\/wp-json\/wp\/v2\/pages"}],"about":[{"href":"https:\/\/www.skylinegroupofcompanies.ca\/fr\/wp-json\/wp\/v2\/types\/page"}],"author":[{"embeddable":true,"href":"https:\/\/www.skylinegroupofcompanies.ca\/fr\/wp-json\/wp\/v2\/users\/33"}],"replies":[{"embeddable":true,"href":"https:\/\/www.skylinegroupofcompanies.ca\/fr\/wp-json\/wp\/v2\/comments?post=67904"}],"version-history":[{"count":2,"href":"https:\/\/www.skylinegroupofcompanies.ca\/fr\/wp-json\/wp\/v2\/pages\/67904\/revisions"}],"predecessor-version":[{"id":79211,"href":"https:\/\/www.skylinegroupofcompanies.ca\/fr\/wp-json\/wp\/v2\/pages\/67904\/revisions\/79211"}],"up":[{"embeddable":true,"href":"https:\/\/www.skylinegroupofcompanies.ca\/fr\/wp-json\/wp\/v2\/pages\/67900"}],"wp:featuredmedia":[{"embeddable":true,"href":"https:\/\/www.skylinegroupofcompanies.ca\/fr\/wp-json\/wp\/v2\/media\/78913"}],"wp:attachment":[{"href":"https:\/\/www.skylinegroupofcompanies.ca\/fr\/wp-json\/wp\/v2\/media?parent=67904"}],"curies":[{"name":"wp","href":"https:\/\/api.w.org\/{rel}","templated":true}]}}