{"id":67903,"date":"2020-09-11T16:57:56","date_gmt":"2020-09-11T20:57:56","guid":{"rendered":"https:\/\/www.skylinegroupofcompanies.ca\/our-funds\/skyline-clean-energy-fund\/"},"modified":"2025-02-06T13:41:23","modified_gmt":"2025-02-06T18:41:23","slug":"skyline-clean-energy-fund","status":"publish","type":"page","link":"https:\/\/www.skylinegroupofcompanies.ca\/fr\/our-funds\/skyline-clean-energy-fund\/","title":{"rendered":"Skyline <br\/> Clean Energy Fund"},"content":{"rendered":"<h2>Skyline Clean Energy Fund (\u00ab SCEF \u00bb) est un portefeuille d\u2019actifs d\u2019\u00e9nergie propre de moyenne et de grande taille d\u00e9tenu et g\u00e9r\u00e9 par des int\u00e9r\u00eats priv\u00e9s.<\/h2>\n<p><span lang=\"FR-CA\">Lanc\u00e9 en 2018, SCEF s\u2019emploie \u00e0 acqu\u00e9rir des actifs d\u2019\u00e9nergie propre productifs de revenus, que ce soit dans le cadre de contrats gouvernementaux \u00e0 long terme ou de conventions d\u2019achat priv\u00e9es avec des contreparties solvables.<\/span><\/p>\n<p><span lang=\"FR-CA\">\u00c0 titre de produits de placement non traditionnels, les parts de SCEF sont distribu\u00e9es par l\u2019interm\u00e9diaire de Skyline Wealth Management Inc. (\u00ab\u00a0Skyline Wealth Management\u00a0\u00bb), le courtier sur le march\u00e9 dispens\u00e9 exclusif du fonds.<\/span><\/p>\n<p><span lang=\"FR-CA\">Les propri\u00e9t\u00e9s de SCEF sont g\u00e9r\u00e9es par Skyline Energy, une soci\u00e9t\u00e9 de solutions d\u2019\u00e9nergie propre membre de Skyline.<\/span><\/p>\n<p><span lang=\"FR-CA\">SCEF s\u2019engage \u00e0 cr\u00e9er de la valeur pour ses investisseurs par le suivi et l\u2019optimisation de ses actifs tout en offrant un produit de placement durable ax\u00e9 sur l\u2019\u00e9nergie propre et renouvelable.<\/span><\/p>\n","protected":false},"excerpt":{"rendered":"<p>Skyline Clean Energy Fund (\u00ab SCEF \u00bb) est un portefeuille d\u2019actifs d\u2019\u00e9nergie propre de moyenne et de grande taille d\u00e9tenu et g\u00e9r\u00e9 par des int\u00e9r\u00eats priv\u00e9s. Lanc\u00e9 en 2018, SCEF s\u2019emploie \u00e0 acqu\u00e9rir des actifs d\u2019\u00e9nergie propre productifs de revenus, que ce soit dans le cadre de contrats gouvernementaux \u00e0 long terme ou de conventions [&hellip;]<\/p>\n","protected":false},"author":33,"featured_media":78911,"parent":67900,"menu_order":3,"comment_status":"closed","ping_status":"closed","template":"templates\/our-funds.php","meta":{"_acf_changed":false,"footnotes":"","_links_to":"","_links_to_target":""},"class_list":["post-67903","page","type-page","status-publish","has-post-thumbnail","hentry"],"acf":[],"yoast_head":"<!-- This site is optimized with the Yoast SEO plugin v27.6 - https:\/\/yoast.com\/product\/yoast-seo-wordpress\/ -->\n<title>Skyline  Clean Energy Fund | A Skyline Investment Fund<\/title>\n<meta name=\"description\" content=\"SCEF acquiert des actifs productifs de revenus partout au Canada, que ce soit en vertu de contrats gouvernementaux \u00e0 long terme ou de conventions d\u2019achat priv\u00e9es.\" \/>\n<meta name=\"robots\" content=\"index, follow, max-snippet:-1, max-image-preview:large, max-video-preview:-1\" \/>\n<link rel=\"canonical\" href=\"https:\/\/www.skylinegroupofcompanies.ca\/fr\/our-funds\/skyline-clean-energy-fund\/\" \/>\n<meta property=\"og:locale\" content=\"fr_FR\" \/>\n<meta property=\"og:type\" content=\"article\" \/>\n<meta property=\"og:title\" content=\"Skyline  Clean Energy Fund\" \/>\n<meta property=\"og:description\" content=\"SCEF acquires income-producing assets across Canada, under long-term government contracts or private purchase agreements.\" \/>\n<meta property=\"og:url\" content=\"https:\/\/www.skylinegroupofcompanies.ca\/fr\/our-funds\/skyline-clean-energy-fund\/\" \/>\n<meta property=\"og:site_name\" content=\"Skyline\" \/>\n<meta property=\"article:modified_time\" content=\"2025-02-06T18:41:23+00:00\" \/>\n<meta property=\"og:image\" content=\"https:\/\/www.skylinegroupofcompanies.ca\/wp-content\/uploads\/2020\/09\/scef-desktop.jpg\" \/>\n\t<meta property=\"og:image:width\" content=\"615\" \/>\n\t<meta property=\"og:image:height\" content=\"735\" \/>\n\t<meta property=\"og:image:type\" content=\"image\/jpeg\" \/>\n<meta name=\"twitter:card\" content=\"summary_large_image\" \/>\n<meta name=\"twitter:title\" content=\"Skyline &lt;br\/&gt; Clean Energy Fund\" \/>\n<meta name=\"twitter:description\" content=\"SCEF acquires income-producing assets across Canada, under long-term government contracts or private purchase agreements.\" \/>\n<meta name=\"twitter:image\" content=\"https:\/\/www.skylinegroupofcompanies.ca\/wp-content\/uploads\/2020\/09\/scef-desktop.jpg\" \/>\n<meta name=\"twitter:label1\" content=\"Dur\u00e9e de lecture estim\u00e9e\" \/>\n\t<meta name=\"twitter:data1\" content=\"1 minute\" \/>\n<!-- \/ Yoast SEO plugin. -->","yoast_head_json":{"title":"Skyline  Clean Energy Fund | A Skyline Investment Fund","description":"SCEF acquiert des actifs productifs de revenus partout au Canada, que ce soit en vertu de contrats gouvernementaux \u00e0 long terme ou de conventions d\u2019achat priv\u00e9es.","robots":{"index":"index","follow":"follow","max-snippet":"max-snippet:-1","max-image-preview":"max-image-preview:large","max-video-preview":"max-video-preview:-1"},"canonical":"https:\/\/www.skylinegroupofcompanies.ca\/fr\/our-funds\/skyline-clean-energy-fund\/","og_locale":"fr_FR","og_type":"article","og_title":"Skyline  Clean Energy Fund","og_description":"SCEF acquires income-producing assets across Canada, under long-term government contracts or private purchase agreements.","og_url":"https:\/\/www.skylinegroupofcompanies.ca\/fr\/our-funds\/skyline-clean-energy-fund\/","og_site_name":"Skyline","article_modified_time":"2025-02-06T18:41:23+00:00","og_image":[{"width":615,"height":735,"url":"https:\/\/www.skylinegroupofcompanies.ca\/wp-content\/uploads\/2020\/09\/scef-desktop.jpg","type":"image\/jpeg"}],"twitter_card":"summary_large_image","twitter_title":"Skyline <br\/> Clean Energy Fund","twitter_description":"SCEF acquires income-producing assets across Canada, under long-term government contracts or private purchase agreements.","twitter_image":"https:\/\/www.skylinegroupofcompanies.ca\/wp-content\/uploads\/2020\/09\/scef-desktop.jpg","twitter_misc":{"Dur\u00e9e de lecture estim\u00e9e":"1 minute"},"schema":{"@context":"https:\/\/schema.org","@graph":[{"@type":"WebPage","@id":"https:\/\/www.skylinegroupofcompanies.ca\/fr\/our-funds\/skyline-clean-energy-fund\/","url":"https:\/\/www.skylinegroupofcompanies.ca\/fr\/our-funds\/skyline-clean-energy-fund\/","name":"Skyline Clean Energy Fund | A Skyline Investment Fund","isPartOf":{"@id":"https:\/\/www.skylinegroupofcompanies.ca\/#website"},"primaryImageOfPage":{"@id":"https:\/\/www.skylinegroupofcompanies.ca\/fr\/our-funds\/skyline-clean-energy-fund\/#primaryimage"},"image":{"@id":"https:\/\/www.skylinegroupofcompanies.ca\/fr\/our-funds\/skyline-clean-energy-fund\/#primaryimage"},"thumbnailUrl":"https:\/\/www.skylinegroupofcompanies.ca\/wp-content\/uploads\/2024\/12\/SCEF.webp","datePublished":"2020-09-11T20:57:56+00:00","dateModified":"2025-02-06T18:41:23+00:00","description":"SCEF acquiert des actifs productifs de revenus partout au Canada, que ce soit en vertu de contrats gouvernementaux \u00e0 long terme ou de conventions d\u2019achat priv\u00e9es.","breadcrumb":{"@id":"https:\/\/www.skylinegroupofcompanies.ca\/fr\/our-funds\/skyline-clean-energy-fund\/#breadcrumb"},"inLanguage":"fr-FR","potentialAction":[{"@type":"ReadAction","target":["https:\/\/www.skylinegroupofcompanies.ca\/fr\/our-funds\/skyline-clean-energy-fund\/"]}]},{"@type":"ImageObject","inLanguage":"fr-FR","@id":"https:\/\/www.skylinegroupofcompanies.ca\/fr\/our-funds\/skyline-clean-energy-fund\/#primaryimage","url":"https:\/\/www.skylinegroupofcompanies.ca\/wp-content\/uploads\/2024\/12\/SCEF.webp","contentUrl":"https:\/\/www.skylinegroupofcompanies.ca\/wp-content\/uploads\/2024\/12\/SCEF.webp","width":75,"height":75},{"@type":"BreadcrumbList","@id":"https:\/\/www.skylinegroupofcompanies.ca\/fr\/our-funds\/skyline-clean-energy-fund\/#breadcrumb","itemListElement":[{"@type":"ListItem","position":1,"name":"Home","item":"https:\/\/www.skylinegroupofcompanies.ca\/fr\/"},{"@type":"ListItem","position":2,"name":"Our Funds","item":"\/"},{"@type":"ListItem","position":3,"name":"Skyline Clean Energy Fund"}]},{"@type":"WebSite","@id":"https:\/\/www.skylinegroupofcompanies.ca\/#website","url":"https:\/\/www.skylinegroupofcompanies.ca\/","name":"Skyline","description":"We offer services in real estate and clean energy","publisher":{"@id":"https:\/\/www.skylinegroupofcompanies.ca\/#organization"},"alternateName":"Skyline GOC","potentialAction":[{"@type":"SearchAction","target":{"@type":"EntryPoint","urlTemplate":"https:\/\/www.skylinegroupofcompanies.ca\/?s={search_term_string}"},"query-input":{"@type":"PropertyValueSpecification","valueRequired":true,"valueName":"search_term_string"}}],"inLanguage":"fr-FR"},{"@type":"Organization","@id":"https:\/\/www.skylinegroupofcompanies.ca\/#organization","name":"Skyline Group of Companies","url":"https:\/\/www.skylinegroupofcompanies.ca\/","logo":{"@type":"ImageObject","inLanguage":"fr-FR","@id":"https:\/\/www.skylinegroupofcompanies.ca\/#\/schema\/logo\/image\/","url":"https:\/\/www.skylinegroupofcompanies.ca\/wp-content\/uploads\/2020\/09\/logo-blue.svg","contentUrl":"https:\/\/www.skylinegroupofcompanies.ca\/wp-content\/uploads\/2020\/09\/logo-blue.svg","width":1,"height":1,"caption":"Skyline Group of Companies"},"image":{"@id":"https:\/\/www.skylinegroupofcompanies.ca\/#\/schema\/logo\/image\/"}}]}},"_links":{"self":[{"href":"https:\/\/www.skylinegroupofcompanies.ca\/fr\/wp-json\/wp\/v2\/pages\/67903","targetHints":{"allow":["GET"]}}],"collection":[{"href":"https:\/\/www.skylinegroupofcompanies.ca\/fr\/wp-json\/wp\/v2\/pages"}],"about":[{"href":"https:\/\/www.skylinegroupofcompanies.ca\/fr\/wp-json\/wp\/v2\/types\/page"}],"author":[{"embeddable":true,"href":"https:\/\/www.skylinegroupofcompanies.ca\/fr\/wp-json\/wp\/v2\/users\/33"}],"replies":[{"embeddable":true,"href":"https:\/\/www.skylinegroupofcompanies.ca\/fr\/wp-json\/wp\/v2\/comments?post=67903"}],"version-history":[{"count":2,"href":"https:\/\/www.skylinegroupofcompanies.ca\/fr\/wp-json\/wp\/v2\/pages\/67903\/revisions"}],"predecessor-version":[{"id":79212,"href":"https:\/\/www.skylinegroupofcompanies.ca\/fr\/wp-json\/wp\/v2\/pages\/67903\/revisions\/79212"}],"up":[{"embeddable":true,"href":"https:\/\/www.skylinegroupofcompanies.ca\/fr\/wp-json\/wp\/v2\/pages\/67900"}],"wp:featuredmedia":[{"embeddable":true,"href":"https:\/\/www.skylinegroupofcompanies.ca\/fr\/wp-json\/wp\/v2\/media\/78911"}],"wp:attachment":[{"href":"https:\/\/www.skylinegroupofcompanies.ca\/fr\/wp-json\/wp\/v2\/media?parent=67903"}],"curies":[{"name":"wp","href":"https:\/\/api.w.org\/{rel}","templated":true}]}}